{"id":67,"date":"2022-09-07T02:49:31","date_gmt":"2022-09-07T02:49:31","guid":{"rendered":"https:\/\/demo.ovatheme.com\/auntri\/?page_id=67"},"modified":"2026-03-31T13:05:42","modified_gmt":"2026-03-31T13:05:42","slug":"quem-somos","status":"publish","type":"page","link":"https:\/\/lmengenhariaseg.com.br\/site\/quem-somos\/","title":{"rendered":"Quem Somos"},"content":{"rendered":"\t\t<div data-elementor-type=\"wp-page\" data-elementor-id=\"67\" class=\"elementor elementor-67\">\n\t\t\t\t\t\t\t\t\t<section class=\"elementor-section elementor-top-section elementor-element elementor-element-664cf62 elementor-section-boxed elementor-section-height-default elementor-section-height-default\" data-id=\"664cf62\" data-element_type=\"section\" data-e-bg-lazyload=\".elementor-background-overlay\">\n\t\t\t\t\t\t\t<div class=\"elementor-background-overlay\"><\/div>\n\t\t\t\t\t\t\t<div class=\"elementor-container elementor-column-gap-no\">\n\t\t\t\t\t<div class=\"elementor-column elementor-col-33 elementor-top-column elementor-element elementor-element-94ade54\" data-id=\"94ade54\" data-element_type=\"column\">\n\t\t\t<div class=\"elementor-widget-wrap elementor-element-populated\">\n\t\t\t\t\t\t\t\t<div class=\"elementor-element elementor-element-2ac3821 elementor-widget__width-auto elementor-widget-tablet__width-inherit elementor-widget elementor-widget-image\" data-id=\"2ac3821\" data-element_type=\"widget\" data-widget_type=\"image.default\">\n\t\t\t\t<div class=\"elementor-widget-container\">\n\t\t\t<style>\/*! elementor - v3.11.1 - 15-02-2023 *\/\n.elementor-widget-image{text-align:center}.elementor-widget-image a{display:inline-block}.elementor-widget-image a img[src$=\".svg\"]{width:48px}.elementor-widget-image img{vertical-align:middle;display:inline-block}<\/style>\t\t\t\t\t\t\t\t\t\t\t\t<img loading=\"lazy\" decoding=\"async\" width=\"720\" height=\"1280\" src=\"https:\/\/lmengenhariaseg.com.br\/site\/wp-content\/uploads\/2026\/03\/WhatsApp-Image-2026-03-31-at-00.51.11.webp\" class=\"attachment-full size-full wp-image-8925\" alt=\"\" srcset=\"https:\/\/lmengenhariaseg.com.br\/site\/wp-content\/uploads\/2026\/03\/WhatsApp-Image-2026-03-31-at-00.51.11.webp 720w, https:\/\/lmengenhariaseg.com.br\/site\/wp-content\/uploads\/2026\/03\/WhatsApp-Image-2026-03-31-at-00.51.11-169x300.webp 169w, https:\/\/lmengenhariaseg.com.br\/site\/wp-content\/uploads\/2026\/03\/WhatsApp-Image-2026-03-31-at-00.51.11-576x1024.webp 576w\" sizes=\"auto, (max-width: 720px) 100vw, 720px\" \/>\t\t\t\t\t\t\t\t\t\t\t\t\t\t\t<\/div>\n\t\t\t\t<\/div>\n\t\t\t\t<div class=\"elementor-element elementor-element-13f9019 elementor-widget-tablet__width-auto elementor-hidden-mobile elementor-widget elementor-widget-text-editor\" data-id=\"13f9019\" data-element_type=\"widget\" data-widget_type=\"text-editor.default\">\n\t\t\t\t<div class=\"elementor-widget-container\">\n\t\t\t<style>\/*! elementor - v3.11.1 - 15-02-2023 *\/\n.elementor-widget-text-editor.elementor-drop-cap-view-stacked .elementor-drop-cap{background-color:#818a91;color:#fff}.elementor-widget-text-editor.elementor-drop-cap-view-framed .elementor-drop-cap{color:#818a91;border:3px solid;background-color:transparent}.elementor-widget-text-editor:not(.elementor-drop-cap-view-default) .elementor-drop-cap{margin-top:8px}.elementor-widget-text-editor:not(.elementor-drop-cap-view-default) .elementor-drop-cap-letter{width:1em;height:1em}.elementor-widget-text-editor .elementor-drop-cap{float:left;text-align:center;line-height:1;font-size:50px}.elementor-widget-text-editor .elementor-drop-cap-letter{display:inline-block}<\/style>\t\t\t\t\t\t\t\t\t\t<\/div>\n\t\t\t\t<\/div>\n\t\t\t\t\t<\/div>\n\t\t<\/div>\n\t\t\t\t<div class=\"elementor-column elementor-col-33 elementor-top-column elementor-element elementor-element-ab0014f\" data-id=\"ab0014f\" data-element_type=\"column\">\n\t\t\t<div class=\"elementor-widget-wrap elementor-element-populated\">\n\t\t\t\t\t\t\t\t<div class=\"elementor-element elementor-element-2f74476 elementor-hidden-mobile elementor-widget elementor-widget-text-editor\" data-id=\"2f74476\" data-element_type=\"widget\" data-widget_type=\"text-editor.default\">\n\t\t\t\t<div class=\"elementor-widget-container\">\n\t\t\t\t\t\t\t\t\t\t\t\t\t<\/div>\n\t\t\t\t<\/div>\n\t\t\t\t<div class=\"elementor-element elementor-element-5b9344c elementor-widget__width-auto elementor-widget elementor-widget-image\" data-id=\"5b9344c\" data-element_type=\"widget\" data-widget_type=\"image.default\">\n\t\t\t\t<div class=\"elementor-widget-container\">\n\t\t\t\t\t\t\t\t\t\t\t\t\t\t\t<img loading=\"lazy\" decoding=\"async\" width=\"1200\" height=\"1600\" src=\"https:\/\/lmengenhariaseg.com.br\/site\/wp-content\/uploads\/2026\/03\/WhatsApp-Image-2026-03-23-at-10.11.50.webp\" class=\"attachment-full size-full wp-image-8893\" alt=\"\" srcset=\"https:\/\/lmengenhariaseg.com.br\/site\/wp-content\/uploads\/2026\/03\/WhatsApp-Image-2026-03-23-at-10.11.50.webp 1200w, https:\/\/lmengenhariaseg.com.br\/site\/wp-content\/uploads\/2026\/03\/WhatsApp-Image-2026-03-23-at-10.11.50-225x300.webp 225w, https:\/\/lmengenhariaseg.com.br\/site\/wp-content\/uploads\/2026\/03\/WhatsApp-Image-2026-03-23-at-10.11.50-768x1024.webp 768w, https:\/\/lmengenhariaseg.com.br\/site\/wp-content\/uploads\/2026\/03\/WhatsApp-Image-2026-03-23-at-10.11.50-1152x1536.webp 1152w\" sizes=\"auto, (max-width: 1200px) 100vw, 1200px\" \/>\t\t\t\t\t\t\t\t\t\t\t\t\t\t\t<\/div>\n\t\t\t\t<\/div>\n\t\t\t\t\t<\/div>\n\t\t<\/div>\n\t\t\t\t<div class=\"elementor-column elementor-col-33 elementor-top-column elementor-element elementor-element-32bb1b4\" data-id=\"32bb1b4\" data-element_type=\"column\">\n\t\t\t<div class=\"elementor-widget-wrap elementor-element-populated\">\n\t\t\t\t\t\t\t\t<div class=\"elementor-element elementor-element-16ee843 elementor-widget elementor-widget-auntri_elementor_heading\" data-id=\"16ee843\" data-element_type=\"widget\" data-widget_type=\"auntri_elementor_heading.default\">\n\t\t\t\t<div class=\"elementor-widget-container\">\n\t\t\t\n\t\t<div class=\"ova-title\">\n\n\t\t\t\t\t\t\t<h3 class=\"sub-title\">Conhe\u00e7a a LM Engenharia<\/h3>\n\t\t\t\n\t\t\t\t\t\t\t\n\t\t\t\t\t\t\t\t\t<div class=\"box-title\">\n\t\t\t\t\t\t<div class=\"line-top\"><\/div>\n\t\t\t\t\n\t\t\t\t\t\n\t\t\t\t\t\t<h2 class=\"title\">Quem Somos<\/h2>\n\n\t\t\t\t\t\n\t\t\t\t\t\t\t\t\t<\/div>\n\t\t\t\t\n\t\t\t\n\t\t\t\n\t\t<\/div>\n\t\t \t\n\t\t\t\t<\/div>\n\t\t\t\t<\/div>\n\t\t\t\t<div class=\"elementor-element elementor-element-df29dd5 elementor-widget elementor-widget-heading\" data-id=\"df29dd5\" data-element_type=\"widget\" data-widget_type=\"heading.default\">\n\t\t\t\t<div class=\"elementor-widget-container\">\n\t\t\t<style>\/*! elementor - v3.11.1 - 15-02-2023 *\/\n.elementor-heading-title{padding:0;margin:0;line-height:1}.elementor-widget-heading .elementor-heading-title[class*=elementor-size-]>a{color:inherit;font-size:inherit;line-height:inherit}.elementor-widget-heading .elementor-heading-title.elementor-size-small{font-size:15px}.elementor-widget-heading .elementor-heading-title.elementor-size-medium{font-size:19px}.elementor-widget-heading .elementor-heading-title.elementor-size-large{font-size:29px}.elementor-widget-heading .elementor-heading-title.elementor-size-xl{font-size:39px}.elementor-widget-heading .elementor-heading-title.elementor-size-xxl{font-size:59px}<\/style><h2 class=\"elementor-heading-title elementor-size-default\">A LM Engenharia e Seguran\u00e7a do Trabalho \u00e9 uma empresa especializada em oferecer solu\u00e7\u00f5es completas em seguran\u00e7a e sa\u00fade ocupacional para empresas de diversos segmentos, atuando na implementa\u00e7\u00e3o das NR12, NR13, NR18, NR35, SPDA (Sistema de Prote\u00e7\u00e3o contra Descargas Atmosf\u00e9ricas), PCI (Projeto de Combate a Inc\u00eandio e P\u00e2nico), al\u00e9m de treinamentos das Normas Regulamentadoras.<\/h2>\t\t<\/div>\n\t\t\t\t<\/div>\n\t\t\t\t<div class=\"elementor-element elementor-element-3495576 elementor-widget elementor-widget-text-editor\" data-id=\"3495576\" data-element_type=\"widget\" data-widget_type=\"text-editor.default\">\n\t\t\t\t<div class=\"elementor-widget-container\">\n\t\t\t\t\t\t\t<p data-start=\"555\" data-end=\"759\">Na \u00e1rea de NR13, a LM Engenharia e Seguran\u00e7a do Trabalho conta com profissionais p\u00f3s-graduados em Engenharia de Inspe\u00e7\u00e3o e Dimensionamento, assegurando um alto n\u00edvel de precis\u00e3o t\u00e9cnica e atendimento rigoroso \u00e0s exig\u00eancias legais.<\/p><p data-start=\"555\" data-end=\"759\">A empresa tamb\u00e9m se destaca no desenvolvimento de projetos mec\u00e2nicos industriais e na execu\u00e7\u00e3o de servi\u00e7os mec\u00e2nicos, garantindo qualidade, efici\u00eancia e total conformidade com as normas t\u00e9cnicas vigentes.<\/p><p data-start=\"993\" data-end=\"1279\">Com uma equipe altamente qualificada e experiente, a empresa possui uma atua\u00e7\u00e3o comprometida com a seguran\u00e7a e sa\u00fade ocupacional, oferecendo servi\u00e7os personalizados e de alta qualidade, com o objetivo de garantir a prote\u00e7\u00e3o dos trabalhadores e o cumprimento das normas regulamentadoras.<\/p>\t\t\t\t\t\t<\/div>\n\t\t\t\t<\/div>\n\t\t\t\t\t<\/div>\n\t\t<\/div>\n\t\t\t\t\t\t\t<\/div>\n\t\t<\/section>\n\t\t\t\t<section class=\"elementor-section elementor-top-section elementor-element elementor-element-ad2f280 elementor-section-boxed elementor-section-height-default elementor-section-height-default\" data-id=\"ad2f280\" data-element_type=\"section\" data-settings=\"{&quot;background_background&quot;:&quot;classic&quot;}\" data-e-bg-lazyload=\"\">\n\t\t\t\t\t\t<div class=\"elementor-container elementor-column-gap-no\">\n\t\t\t\t\t<div class=\"elementor-column elementor-col-50 elementor-top-column elementor-element elementor-element-128025d\" data-id=\"128025d\" data-element_type=\"column\">\n\t\t\t<div class=\"elementor-widget-wrap elementor-element-populated\">\n\t\t\t\t\t\t\t\t<div class=\"elementor-element elementor-element-5366580 elementor-widget elementor-widget-text-editor\" data-id=\"5366580\" data-element_type=\"widget\" data-widget_type=\"text-editor.default\">\n\t\t\t\t<div class=\"elementor-widget-container\">\n\t\t\t\t\t\t\t<p>Al\u00e9m disso, a LM Engenharia e Seguran\u00e7a do Trabalho tamb\u00e9m presta servi\u00e7os em outras \u00e1reas, como an\u00e1lise ergon\u00f4mica, medicina ocupacional, treinamentos em seguran\u00e7a do trabalho e elabora\u00e7\u00e3o de planos de emerg\u00eancia.<\/p><p>\u00a0<\/p><p>Com uma vis\u00e3o comprometida com a seguran\u00e7a e sa\u00fade ocupacional, a LM Engenharia e Seguran\u00e7a do Trabalho busca ser refer\u00eancia em seu segmento, oferecendo servi\u00e7os eficientes, confi\u00e1veis e de alto valor agregado aos seus clientes.<\/p>\t\t\t\t\t\t<\/div>\n\t\t\t\t<\/div>\n\t\t\t\t\t<\/div>\n\t\t<\/div>\n\t\t\t\t<div class=\"elementor-column elementor-col-50 elementor-top-column elementor-element elementor-element-d7c6b23 auntri_stretch_column_right\" data-id=\"d7c6b23\" data-element_type=\"column\">\n\t\t\t<div class=\"elementor-widget-wrap elementor-element-populated\">\n\t\t\t\t\t\t\t\t<div class=\"elementor-element elementor-element-1592a0e elementor-widget__width-auto elementor-absolute ova-counter-digit-max-width elementor-widget elementor-widget-auntri_elementor_counter\" data-id=\"1592a0e\" data-element_type=\"widget\" data-settings=\"{&quot;_position&quot;:&quot;absolute&quot;}\" data-widget_type=\"auntri_elementor_counter.default\">\n\t\t\t\t<div class=\"elementor-widget-container\">\n\t\t\t           \n           <div class=\"ova-counter ova-counter-template4 position3 path_none\" \n               data-count=\"5\">\n\n               \n\t            <div class=\"odometer-wrapper\">\n\n\t            \t\n\t\t\t\t\t\t<span class=\"odometer\">0<\/span><span class=\"suffix\">+<\/span>\n\t\t\t\t\n\t\t\t      \t    \t\t\t\t\t\t\t<h4 class=\"title\">\n\t\t\t\t\t\t\t\tAnos de <br> experi\u00eancia\t\t\t\t\t\t\t<\/h4>\n\t\t\t\t\t\t                        \n\t\t\t\t\t\t\n\t            \t    \t\n\n\t            <\/div>\n \n           <\/div>\n\t\t \t\n\t\t\t\t<\/div>\n\t\t\t\t<\/div>\n\t\t\t\t\t<\/div>\n\t\t<\/div>\n\t\t\t\t\t\t\t<\/div>\n\t\t<\/section>\n\t\t\t\t<section class=\"elementor-section elementor-top-section elementor-element elementor-element-71d3b43 elementor-section-boxed elementor-section-height-default elementor-section-height-default\" data-id=\"71d3b43\" data-element_type=\"section\" data-settings=\"{&quot;background_background&quot;:&quot;classic&quot;}\" data-e-bg-lazyload=\"\">\n\t\t\t\t\t\t<div class=\"elementor-container elementor-column-gap-no\">\n\t\t\t\t\t<div class=\"elementor-column elementor-col-50 elementor-top-column elementor-element elementor-element-a80423f\" data-id=\"a80423f\" data-element_type=\"column\">\n\t\t\t<div class=\"elementor-widget-wrap elementor-element-populated\">\n\t\t\t\t\t\t\t\t<div class=\"elementor-element elementor-element-c1ac7ee elementor-widget elementor-widget-heading\" data-id=\"c1ac7ee\" data-element_type=\"widget\" data-widget_type=\"heading.default\">\n\t\t\t\t<div class=\"elementor-widget-container\">\n\t\t\t<h2 class=\"elementor-heading-title elementor-size-default\">Nosso compromisso \u00e9 com a sua seguran\u00e7a.<\/h2>\t\t<\/div>\n\t\t\t\t<\/div>\n\t\t\t\t\t<\/div>\n\t\t<\/div>\n\t\t\t\t<div class=\"elementor-column elementor-col-50 elementor-top-column elementor-element elementor-element-7c3c6de\" data-id=\"7c3c6de\" data-element_type=\"column\">\n\t\t\t<div class=\"elementor-widget-wrap elementor-element-populated\">\n\t\t\t\t\t\t\t\t<div class=\"elementor-element elementor-element-725d649 elementor-align-center elementor-widget__width-auto elementor-widget elementor-widget-button\" data-id=\"725d649\" data-element_type=\"widget\" data-widget_type=\"button.default\">\n\t\t\t\t<div class=\"elementor-widget-container\">\n\t\t\t\t\t<div class=\"elementor-button-wrapper\">\n\t\t\t<a href=\"https:\/\/lmengenhariaseg.com.br\/site\/fale-conosco\/\" class=\"elementor-button-link elementor-button elementor-size-sm\" role=\"button\">\n\t\t\t\t\t\t<span class=\"elementor-button-content-wrapper\">\n\t\t\t\t\t\t<span class=\"elementor-button-text\">Fale Conosco<\/span>\n\t\t<\/span>\n\t\t\t\t\t<\/a>\n\t\t<\/div>\n\t\t\t\t<\/div>\n\t\t\t\t<\/div>\n\t\t\t\t\t<\/div>\n\t\t<\/div>\n\t\t\t\t\t\t\t<\/div>\n\t\t<\/section>\n\t\t\t\t\t\t\t<\/div>\n\t\t","protected":false},"excerpt":{"rendered":"<p>Conhe\u00e7a a LM Engenharia Quem Somos A LM Engenharia e Seguran\u00e7a do Trabalho \u00e9 uma empresa especializada em oferecer solu\u00e7\u00f5es completas em seguran\u00e7a e sa\u00fade ocupacional para empresas de diversos segmentos, atuando na implementa\u00e7\u00e3o das NR12, NR13, NR18, NR35, SPDA (Sistema de Prote\u00e7\u00e3o contra Descargas Atmosf\u00e9ricas), PCI (Projeto de Combate a Inc\u00eandio e P\u00e2nico), al\u00e9m [&hellip;]<\/p>\n","protected":false},"author":1,"featured_media":0,"parent":0,"menu_order":0,"comment_status":"closed","ping_status":"closed","template":"elementor_header_footer","meta":{"om_disable_all_campaigns":false,"_mi_skip_tracking":false,"footnotes":""},"class_list":["post-67","page","type-page","status-publish","hentry"],"aioseo_notices":[],"_links":{"self":[{"href":"https:\/\/lmengenhariaseg.com.br\/site\/wp-json\/wp\/v2\/pages\/67","targetHints":{"allow":["GET"]}}],"collection":[{"href":"https:\/\/lmengenhariaseg.com.br\/site\/wp-json\/wp\/v2\/pages"}],"about":[{"href":"https:\/\/lmengenhariaseg.com.br\/site\/wp-json\/wp\/v2\/types\/page"}],"author":[{"embeddable":true,"href":"https:\/\/lmengenhariaseg.com.br\/site\/wp-json\/wp\/v2\/users\/1"}],"replies":[{"embeddable":true,"href":"https:\/\/lmengenhariaseg.com.br\/site\/wp-json\/wp\/v2\/comments?post=67"}],"version-history":[{"count":40,"href":"https:\/\/lmengenhariaseg.com.br\/site\/wp-json\/wp\/v2\/pages\/67\/revisions"}],"predecessor-version":[{"id":8928,"href":"https:\/\/lmengenhariaseg.com.br\/site\/wp-json\/wp\/v2\/pages\/67\/revisions\/8928"}],"wp:attachment":[{"href":"https:\/\/lmengenhariaseg.com.br\/site\/wp-json\/wp\/v2\/media?parent=67"}],"curies":[{"name":"wp","href":"https:\/\/api.w.org\/{rel}","templated":true}]}}