{"id":2445,"date":"2022-09-16T10:09:50","date_gmt":"2022-09-16T10:09:50","guid":{"rendered":"https:\/\/demo.ovatheme.com\/auntri\/?page_id=2445"},"modified":"2024-04-24T09:18:17","modified_gmt":"2024-04-24T09:18:17","slug":"servicos","status":"publish","type":"page","link":"https:\/\/lmengenhariaseg.com.br\/site\/servicos\/","title":{"rendered":"Solu\u00e7\u00f5es"},"content":{"rendered":"\t\t<div data-elementor-type=\"wp-page\" data-elementor-id=\"2445\" class=\"elementor elementor-2445\">\n\t\t\t\t\t\t\t\t\t<section class=\"elementor-section elementor-top-section elementor-element elementor-element-0a05a36 elementor-section-boxed elementor-section-height-default elementor-section-height-default\" data-id=\"0a05a36\" data-element_type=\"section\">\n\t\t\t\t\t\t<div class=\"elementor-container elementor-column-gap-default\">\n\t\t\t\t\t<div class=\"elementor-column elementor-col-100 elementor-top-column elementor-element elementor-element-fc5ab69\" data-id=\"fc5ab69\" data-element_type=\"column\">\n\t\t\t<div class=\"elementor-widget-wrap elementor-element-populated\">\n\t\t\t\t\t\t\t\t<div class=\"elementor-element elementor-element-072ef91 elementor-widget elementor-widget-ovasev_elementor_service_box\" data-id=\"072ef91\" data-element_type=\"widget\" data-widget_type=\"ovasev_elementor_service_box.default\">\n\t\t\t\t<div class=\"elementor-widget-container\">\n\t\t\t\n<div class=\"ova-service-box-elementor three_column\">\n\n\t\n\t\t\n\n\t<div class=\"ova-service-box-template ova-service-box-template1\">\n\n\t\t<div class=\"square\"><\/div>\n\t\t\n\t    <div class=\"img-service\">\n\n\t    \t<a href=\"https:\/\/lmengenhariaseg.com.br\/site\/solu\u00e7\u00f5es\/nr13\/\"  title=\"NR13\">\n\t    \t\t<img decoding=\"async\" src=\"https:\/\/lmengenhariaseg.com.br\/site\/wp-content\/uploads\/2026\/03\/WhatsApp-Image-2026-03-31-at-00.51.11-550x470.webp\" alt=\"NR13\">\n\t    \t<\/a>\n\n\t    \t\t\t\t\t<div class=\"icon\">\n\t\t\t\t\t<i class=\"flaticon flaticon-construction\"><\/i>\n\t\t\t\t<\/div>\n\t\t\t\t    <\/div>\n\t    \n\t    <div class=\"info\">\n\n\t    \t<a href=\"https:\/\/lmengenhariaseg.com.br\/site\/solu\u00e7\u00f5es\/nr13\/\"  title=\"NR13\">\n\n\t\t        \t\t\t\t\t<h4 class=\"title\">\n\t\t\t\t\t\tNR13\t\t\t\t\t<\/h4>\n\t\t\t\t\n\t\t\t<\/a>\n\n\t\t\t<a class=\"next-button\" href=\"https:\/\/lmengenhariaseg.com.br\/site\/solu\u00e7\u00f5es\/nr13\/\"  title=\"NR13\">\n\t\t\t\t<i aria-hidden=\"true\" class=\"flaticon flaticon-right-arrow\"><\/i>\n\t\t\t<\/a>\n\n\t    <\/div>\n\n\t<\/div>\n\t\n\t\t\n\n\t<div class=\"ova-service-box-template ova-service-box-template1\">\n\n\t\t<div class=\"square\"><\/div>\n\t\t\n\t    <div class=\"img-service\">\n\n\t    \t<a href=\"https:\/\/lmengenhariaseg.com.br\/site\/solu\u00e7\u00f5es\/calibracao-de-valvula-e-manometro\/\"  title=\"Calibra\u00e7\u00e3o de v\u00e1lvula e man\u00f4metro\">\n\t    \t\t<img decoding=\"async\" src=\"https:\/\/lmengenhariaseg.com.br\/site\/wp-content\/uploads\/2023\/04\/WhatsApp-Image-2026-03-31-at-01.06.26-550x470.webp\" alt=\"Calibra\u00e7\u00e3o de v\u00e1lvula e man\u00f4metro\">\n\t    \t<\/a>\n\n\t    \t\t\t\t\t<div class=\"icon\">\n\t\t\t\t\t<i class=\"flaticon flaticon-construction\"><\/i>\n\t\t\t\t<\/div>\n\t\t\t\t    <\/div>\n\t    \n\t    <div class=\"info\">\n\n\t    \t<a href=\"https:\/\/lmengenhariaseg.com.br\/site\/solu\u00e7\u00f5es\/calibracao-de-valvula-e-manometro\/\"  title=\"Calibra\u00e7\u00e3o de v\u00e1lvula e man\u00f4metro\">\n\n\t\t        \t\t\t\t\t<h4 class=\"title\">\n\t\t\t\t\t\tCalibra\u00e7\u00e3o de v\u00e1lvula e man\u00f4metro\t\t\t\t\t<\/h4>\n\t\t\t\t\n\t\t\t<\/a>\n\n\t\t\t<a class=\"next-button\" href=\"https:\/\/lmengenhariaseg.com.br\/site\/solu\u00e7\u00f5es\/calibracao-de-valvula-e-manometro\/\"  title=\"Calibra\u00e7\u00e3o de v\u00e1lvula e man\u00f4metro\">\n\t\t\t\t<i aria-hidden=\"true\" class=\"flaticon flaticon-right-arrow\"><\/i>\n\t\t\t<\/a>\n\n\t    <\/div>\n\n\t<\/div>\n\t\n\t\t\n\n\t<div class=\"ova-service-box-template ova-service-box-template1\">\n\n\t\t<div class=\"square\"><\/div>\n\t\t\n\t    <div class=\"img-service\">\n\n\t    \t<a href=\"https:\/\/lmengenhariaseg.com.br\/site\/solu\u00e7\u00f5es\/nr-12\/\"  title=\"NR 12\">\n\t    \t\t<img decoding=\"async\" src=\"https:\/\/lmengenhariaseg.com.br\/site\/wp-content\/uploads\/2024\/04\/NR12-Dispositivos-de-seguranca-tipos-e-importancia-550x470.webp\" alt=\"NR 12\">\n\t    \t<\/a>\n\n\t    \t\t\t\t\t<div class=\"icon\">\n\t\t\t\t\t<i class=\"flaticon flaticon-construction\"><\/i>\n\t\t\t\t<\/div>\n\t\t\t\t    <\/div>\n\t    \n\t    <div class=\"info\">\n\n\t    \t<a href=\"https:\/\/lmengenhariaseg.com.br\/site\/solu\u00e7\u00f5es\/nr-12\/\"  title=\"NR 12\">\n\n\t\t        \t\t\t\t\t<h4 class=\"title\">\n\t\t\t\t\t\tNR 12\t\t\t\t\t<\/h4>\n\t\t\t\t\n\t\t\t<\/a>\n\n\t\t\t<a class=\"next-button\" href=\"https:\/\/lmengenhariaseg.com.br\/site\/solu\u00e7\u00f5es\/nr-12\/\"  title=\"NR 12\">\n\t\t\t\t<i aria-hidden=\"true\" class=\"flaticon flaticon-right-arrow\"><\/i>\n\t\t\t<\/a>\n\n\t    <\/div>\n\n\t<\/div>\n\t\n\t\t\n\n\t<div class=\"ova-service-box-template ova-service-box-template1\">\n\n\t\t<div class=\"square\"><\/div>\n\t\t\n\t    <div class=\"img-service\">\n\n\t    \t<a href=\"https:\/\/lmengenhariaseg.com.br\/site\/solu\u00e7\u00f5es\/projetos-mecanicos-industriais\/\"  title=\"Projetos Mec\u00e2nicos Industriais\">\n\t    \t\t<img decoding=\"async\" src=\"https:\/\/lmengenhariaseg.com.br\/site\/wp-content\/uploads\/2026\/03\/WhatsApp-Image-2026-03-31-at-00.06.31-550x470.webp\" alt=\"Projetos Mec\u00e2nicos Industriais\">\n\t    \t<\/a>\n\n\t    \t\t\t\t\t<div class=\"icon\">\n\t\t\t\t\t<i class=\"flaticon flaticon-construction\"><\/i>\n\t\t\t\t<\/div>\n\t\t\t\t    <\/div>\n\t    \n\t    <div class=\"info\">\n\n\t    \t<a href=\"https:\/\/lmengenhariaseg.com.br\/site\/solu\u00e7\u00f5es\/projetos-mecanicos-industriais\/\"  title=\"Projetos Mec\u00e2nicos Industriais\">\n\n\t\t        \t\t\t\t\t<h4 class=\"title\">\n\t\t\t\t\t\tProjetos Mec\u00e2nicos Industriais\t\t\t\t\t<\/h4>\n\t\t\t\t\n\t\t\t<\/a>\n\n\t\t\t<a class=\"next-button\" href=\"https:\/\/lmengenhariaseg.com.br\/site\/solu\u00e7\u00f5es\/projetos-mecanicos-industriais\/\"  title=\"Projetos Mec\u00e2nicos Industriais\">\n\t\t\t\t<i aria-hidden=\"true\" class=\"flaticon flaticon-right-arrow\"><\/i>\n\t\t\t<\/a>\n\n\t    <\/div>\n\n\t<\/div>\n\t\n\t\t\n\n\t<div class=\"ova-service-box-template ova-service-box-template1\">\n\n\t\t<div class=\"square\"><\/div>\n\t\t\n\t    <div class=\"img-service\">\n\n\t    \t<a href=\"https:\/\/lmengenhariaseg.com.br\/site\/solu\u00e7\u00f5es\/nr18-e-nr35-inspecoes-em-linha-de-vida-e-pontos-de-ancoragem\/\"  title=\"NR18 e NR35 (Inspe\u00e7\u00f5es em linha de vida e pontos de ancoragem)\">\n\t    \t\t<img decoding=\"async\" src=\"https:\/\/lmengenhariaseg.com.br\/site\/wp-content\/uploads\/2024\/04\/estrutura-de-construcao-civil-1024x684-1-550x470.webp\" alt=\"NR18 e NR35 (Inspe\u00e7\u00f5es em linha de vida e pontos de ancoragem)\">\n\t    \t<\/a>\n\n\t    \t\t\t\t\t<div class=\"icon\">\n\t\t\t\t\t<i class=\"flaticon flaticon-construction\"><\/i>\n\t\t\t\t<\/div>\n\t\t\t\t    <\/div>\n\t    \n\t    <div class=\"info\">\n\n\t    \t<a href=\"https:\/\/lmengenhariaseg.com.br\/site\/solu\u00e7\u00f5es\/nr18-e-nr35-inspecoes-em-linha-de-vida-e-pontos-de-ancoragem\/\"  title=\"NR18 e NR35 (Inspe\u00e7\u00f5es em linha de vida e pontos de ancoragem)\">\n\n\t\t        \t\t\t\t\t<h4 class=\"title\">\n\t\t\t\t\t\tNR18 e NR35 (Inspe\u00e7\u00f5es em linha de vida e pontos de ancoragem)\t\t\t\t\t<\/h4>\n\t\t\t\t\n\t\t\t<\/a>\n\n\t\t\t<a class=\"next-button\" href=\"https:\/\/lmengenhariaseg.com.br\/site\/solu\u00e7\u00f5es\/nr18-e-nr35-inspecoes-em-linha-de-vida-e-pontos-de-ancoragem\/\"  title=\"NR18 e NR35 (Inspe\u00e7\u00f5es em linha de vida e pontos de ancoragem)\">\n\t\t\t\t<i aria-hidden=\"true\" class=\"flaticon flaticon-right-arrow\"><\/i>\n\t\t\t<\/a>\n\n\t    <\/div>\n\n\t<\/div>\n\t\n\t\t\n\n\t<div class=\"ova-service-box-template ova-service-box-template1\">\n\n\t\t<div class=\"square\"><\/div>\n\t\t\n\t    <div class=\"img-service\">\n\n\t    \t<a href=\"https:\/\/lmengenhariaseg.com.br\/site\/solu\u00e7\u00f5es\/spda-sistema-de-protecao-contra-descargas-atmosfericas\/\"  title=\"SPDA (Sistema de Prote\u00e7\u00e3o Contra Descargas Atmosf\u00e9ricas)\">\n\t    \t\t<img decoding=\"async\" src=\"https:\/\/lmengenhariaseg.com.br\/site\/wp-content\/uploads\/2023\/04\/spda-o-que-e-qual-sua-finalidade-550x470.webp\" alt=\"SPDA (Sistema de Prote\u00e7\u00e3o Contra Descargas Atmosf\u00e9ricas)\">\n\t    \t<\/a>\n\n\t    \t\t\t\t\t<div class=\"icon\">\n\t\t\t\t\t<i class=\"flaticon flaticon-construction\"><\/i>\n\t\t\t\t<\/div>\n\t\t\t\t    <\/div>\n\t    \n\t    <div class=\"info\">\n\n\t    \t<a href=\"https:\/\/lmengenhariaseg.com.br\/site\/solu\u00e7\u00f5es\/spda-sistema-de-protecao-contra-descargas-atmosfericas\/\"  title=\"SPDA (Sistema de Prote\u00e7\u00e3o Contra Descargas Atmosf\u00e9ricas)\">\n\n\t\t        \t\t\t\t\t<h4 class=\"title\">\n\t\t\t\t\t\tSPDA (Sistema de Prote\u00e7\u00e3o Contra Descargas Atmosf\u00e9ricas)\t\t\t\t\t<\/h4>\n\t\t\t\t\n\t\t\t<\/a>\n\n\t\t\t<a class=\"next-button\" href=\"https:\/\/lmengenhariaseg.com.br\/site\/solu\u00e7\u00f5es\/spda-sistema-de-protecao-contra-descargas-atmosfericas\/\"  title=\"SPDA (Sistema de Prote\u00e7\u00e3o Contra Descargas Atmosf\u00e9ricas)\">\n\t\t\t\t<i aria-hidden=\"true\" class=\"flaticon flaticon-right-arrow\"><\/i>\n\t\t\t<\/a>\n\n\t    <\/div>\n\n\t<\/div>\n\t\n\t\t\n\n\t<div class=\"ova-service-box-template ova-service-box-template1\">\n\n\t\t<div class=\"square\"><\/div>\n\t\t\n\t    <div class=\"img-service\">\n\n\t    \t<a href=\"https:\/\/lmengenhariaseg.com.br\/site\/solu\u00e7\u00f5es\/pci-projeto-de-combate-a-incendio\/\"  title=\"PCI (projeto de combate a inc\u00eandio)\">\n\t    \t\t<img decoding=\"async\" src=\"https:\/\/lmengenhariaseg.com.br\/site\/wp-content\/uploads\/2024\/04\/extintores-eletrojr-1-550x470.webp\" alt=\"PCI (projeto de combate a inc\u00eandio)\">\n\t    \t<\/a>\n\n\t    \t\t\t\t\t<div class=\"icon\">\n\t\t\t\t\t<i class=\"flaticon flaticon-construction\"><\/i>\n\t\t\t\t<\/div>\n\t\t\t\t    <\/div>\n\t    \n\t    <div class=\"info\">\n\n\t    \t<a href=\"https:\/\/lmengenhariaseg.com.br\/site\/solu\u00e7\u00f5es\/pci-projeto-de-combate-a-incendio\/\"  title=\"PCI (projeto de combate a inc\u00eandio)\">\n\n\t\t        \t\t\t\t\t<h4 class=\"title\">\n\t\t\t\t\t\tPCI (projeto de combate a inc\u00eandio)\t\t\t\t\t<\/h4>\n\t\t\t\t\n\t\t\t<\/a>\n\n\t\t\t<a class=\"next-button\" href=\"https:\/\/lmengenhariaseg.com.br\/site\/solu\u00e7\u00f5es\/pci-projeto-de-combate-a-incendio\/\"  title=\"PCI (projeto de combate a inc\u00eandio)\">\n\t\t\t\t<i aria-hidden=\"true\" class=\"flaticon flaticon-right-arrow\"><\/i>\n\t\t\t<\/a>\n\n\t    <\/div>\n\n\t<\/div>\n\t\n\t\t\n\n\t<div class=\"ova-service-box-template ova-service-box-template1\">\n\n\t\t<div class=\"square\"><\/div>\n\t\t\n\t    <div class=\"img-service\">\n\n\t    \t<a href=\"https:\/\/lmengenhariaseg.com.br\/site\/solu\u00e7\u00f5es\/gerenciamento-de-obras\/\"  title=\"Gerenciamento de Obras\">\n\t    \t\t<img decoding=\"async\" src=\"https:\/\/lmengenhariaseg.com.br\/site\/wp-content\/uploads\/2022\/09\/shutterstock_755856148-550x470.webp\" alt=\"Gerenciamento de Obras\">\n\t    \t<\/a>\n\n\t    \t\t\t\t\t<div class=\"icon\">\n\t\t\t\t\t<i class=\"flaticon flaticon-construction\"><\/i>\n\t\t\t\t<\/div>\n\t\t\t\t    <\/div>\n\t    \n\t    <div class=\"info\">\n\n\t    \t<a href=\"https:\/\/lmengenhariaseg.com.br\/site\/solu\u00e7\u00f5es\/gerenciamento-de-obras\/\"  title=\"Gerenciamento de Obras\">\n\n\t\t        \t\t\t\t\t<h4 class=\"title\">\n\t\t\t\t\t\tGerenciamento de Obras\t\t\t\t\t<\/h4>\n\t\t\t\t\n\t\t\t<\/a>\n\n\t\t\t<a class=\"next-button\" href=\"https:\/\/lmengenhariaseg.com.br\/site\/solu\u00e7\u00f5es\/gerenciamento-de-obras\/\"  title=\"Gerenciamento de Obras\">\n\t\t\t\t<i aria-hidden=\"true\" class=\"flaticon flaticon-right-arrow\"><\/i>\n\t\t\t<\/a>\n\n\t    <\/div>\n\n\t<\/div>\n\t\n\t\t\n\n\t<div class=\"ova-service-box-template ova-service-box-template1\">\n\n\t\t<div class=\"square\"><\/div>\n\t\t\n\t    <div class=\"img-service\">\n\n\t    \t<a href=\"https:\/\/lmengenhariaseg.com.br\/site\/solu\u00e7\u00f5es\/emissao-de-art-e-todo-suporte-quanto-a-documentacao\/\"  title=\"Emiss\u00e3o de ART e todo suporte quanto a documenta\u00e7\u00e3o\">\n\t    \t\t<img decoding=\"async\" src=\"https:\/\/lmengenhariaseg.com.br\/site\/wp-content\/uploads\/2023\/04\/emissao-art_637586636487794771.png\" alt=\"Emiss\u00e3o de ART e todo suporte quanto a documenta\u00e7\u00e3o\">\n\t    \t<\/a>\n\n\t    \t\t\t\t\t<div class=\"icon\">\n\t\t\t\t\t<i class=\"flaticon flaticon-construction\"><\/i>\n\t\t\t\t<\/div>\n\t\t\t\t    <\/div>\n\t    \n\t    <div class=\"info\">\n\n\t    \t<a href=\"https:\/\/lmengenhariaseg.com.br\/site\/solu\u00e7\u00f5es\/emissao-de-art-e-todo-suporte-quanto-a-documentacao\/\"  title=\"Emiss\u00e3o de ART e todo suporte quanto a documenta\u00e7\u00e3o\">\n\n\t\t        \t\t\t\t\t<h4 class=\"title\">\n\t\t\t\t\t\tEmiss\u00e3o de ART e todo suporte quanto a documenta\u00e7\u00e3o\t\t\t\t\t<\/h4>\n\t\t\t\t\n\t\t\t<\/a>\n\n\t\t\t<a class=\"next-button\" href=\"https:\/\/lmengenhariaseg.com.br\/site\/solu\u00e7\u00f5es\/emissao-de-art-e-todo-suporte-quanto-a-documentacao\/\"  title=\"Emiss\u00e3o de ART e todo suporte quanto a documenta\u00e7\u00e3o\">\n\t\t\t\t<i aria-hidden=\"true\" class=\"flaticon flaticon-right-arrow\"><\/i>\n\t\t\t<\/a>\n\n\t    <\/div>\n\n\t<\/div>\n\t\n\t\t\n\n\t<div class=\"ova-service-box-template ova-service-box-template1\">\n\n\t\t<div class=\"square\"><\/div>\n\t\t\n\t    <div class=\"img-service\">\n\n\t    \t<a href=\"https:\/\/lmengenhariaseg.com.br\/site\/solu\u00e7\u00f5es\/laudos-tecnicos-e-inspecoes\/\"  title=\"Laudos t\u00e9cnicos e inspe\u00e7\u00f5es\">\n\t    \t\t<img decoding=\"async\" src=\"https:\/\/lmengenhariaseg.com.br\/site\/wp-content\/uploads\/2023\/04\/WhatsApp-Image-2026-03-31-at-01.20.51-550x470.webp\" alt=\"Laudos t\u00e9cnicos e inspe\u00e7\u00f5es\">\n\t    \t<\/a>\n\n\t    \t\t\t\t\t<div class=\"icon\">\n\t\t\t\t\t<i class=\"flaticon flaticon-construction\"><\/i>\n\t\t\t\t<\/div>\n\t\t\t\t    <\/div>\n\t    \n\t    <div class=\"info\">\n\n\t    \t<a href=\"https:\/\/lmengenhariaseg.com.br\/site\/solu\u00e7\u00f5es\/laudos-tecnicos-e-inspecoes\/\"  title=\"Laudos t\u00e9cnicos e inspe\u00e7\u00f5es\">\n\n\t\t        \t\t\t\t\t<h4 class=\"title\">\n\t\t\t\t\t\tLaudos t\u00e9cnicos e inspe\u00e7\u00f5es\t\t\t\t\t<\/h4>\n\t\t\t\t\n\t\t\t<\/a>\n\n\t\t\t<a class=\"next-button\" href=\"https:\/\/lmengenhariaseg.com.br\/site\/solu\u00e7\u00f5es\/laudos-tecnicos-e-inspecoes\/\"  title=\"Laudos t\u00e9cnicos e inspe\u00e7\u00f5es\">\n\t\t\t\t<i aria-hidden=\"true\" class=\"flaticon flaticon-right-arrow\"><\/i>\n\t\t\t<\/a>\n\n\t    <\/div>\n\n\t<\/div>\n\t\n<\/div>\t\t<\/div>\n\t\t\t\t<\/div>\n\t\t\t\t\t<\/div>\n\t\t<\/div>\n\t\t\t\t\t\t\t<\/div>\n\t\t<\/section>\n\t\t\t\t\t\t\t<\/div>\n\t\t","protected":false},"excerpt":{"rendered":"<p>NR13 Gerenciamento de Obras NR 12 Calibra\u00e7\u00e3o de v\u00e1lvula e man\u00f4metro Emiss\u00e3o de ART e todo suporte quanto a documenta\u00e7\u00e3o SPDA (Sistema de Prote\u00e7\u00e3o Contra Descargas Atmosf\u00e9ricas) NR18 e NR35 (Inspe\u00e7\u00f5es em linha de vida e pontos de ancoragem) Laudos t\u00e9cnicos e inspe\u00e7\u00f5es<\/p>\n","protected":false},"author":1,"featured_media":8711,"parent":0,"menu_order":0,"comment_status":"closed","ping_status":"closed","template":"elementor_header_footer","meta":{"om_disable_all_campaigns":false,"_mi_skip_tracking":false,"footnotes":""},"class_list":["post-2445","page","type-page","status-publish","has-post-thumbnail","hentry"],"aioseo_notices":[],"_links":{"self":[{"href":"https:\/\/lmengenhariaseg.com.br\/site\/wp-json\/wp\/v2\/pages\/2445","targetHints":{"allow":["GET"]}}],"collection":[{"href":"https:\/\/lmengenhariaseg.com.br\/site\/wp-json\/wp\/v2\/pages"}],"about":[{"href":"https:\/\/lmengenhariaseg.com.br\/site\/wp-json\/wp\/v2\/types\/page"}],"author":[{"embeddable":true,"href":"https:\/\/lmengenhariaseg.com.br\/site\/wp-json\/wp\/v2\/users\/1"}],"replies":[{"embeddable":true,"href":"https:\/\/lmengenhariaseg.com.br\/site\/wp-json\/wp\/v2\/comments?post=2445"}],"version-history":[{"count":39,"href":"https:\/\/lmengenhariaseg.com.br\/site\/wp-json\/wp\/v2\/pages\/2445\/revisions"}],"predecessor-version":[{"id":8844,"href":"https:\/\/lmengenhariaseg.com.br\/site\/wp-json\/wp\/v2\/pages\/2445\/revisions\/8844"}],"wp:featuredmedia":[{"embeddable":true,"href":"https:\/\/lmengenhariaseg.com.br\/site\/wp-json\/wp\/v2\/media\/8711"}],"wp:attachment":[{"href":"https:\/\/lmengenhariaseg.com.br\/site\/wp-json\/wp\/v2\/media?parent=2445"}],"curies":[{"name":"wp","href":"https:\/\/api.w.org\/{rel}","templated":true}]}}